{"id":2609,"date":"2021-01-13T18:50:23","date_gmt":"2021-01-13T17:50:23","guid":{"rendered":"https:\/\/agenziadessena.com\/product\/import-placeholder-for-6501\/"},"modified":"2022-02-18T09:18:24","modified_gmt":"2022-02-18T08:18:24","slug":"spazioso-appartamento-vicino-alle-spiagge-di-cala-liberotto-apt-n-25-2","status":"publish","type":"product","link":"https:\/\/www.agenziadessena.com\/de\/apartments\/vendita\/spazioso-appartamento-vicino-alle-spiagge-di-cala-liberotto-apt-n-25-2\/","title":{"rendered":"Reihenhaus in der N\u00e4he der Str\u00e4nde vom Cala Liberotto zum Verkauf (Wohnung Nr. 25)"},"content":{"rendered":"<p class=\"translation-block\">Komfortable und ger\u00e4umiges Reihenhaus verteilt auf drei Ebenen, ca. 1200 m von den sch\u00f6nen Str\u00e4nden von Cala Liberotto entfernt.<\/p>\n<p class=\"translation-block\">Es ist mit TV, Klimaanlage, Waschmaschine und Grill ausgestattet.<\/p>\n<p>Obwohl es an einer ruhigen Gegend liegt, ist es etwa 200 m vom Supermarkt und etwa 400 m von Bars, Restaurants, Zeitungsladen, Eisdielen und einer Apotheke entfernt.<\/p>\n<p>Perfekt f\u00fcr Familien<\/p>","protected":false},"excerpt":{"rendered":"<p class=\"translation-block\">Komfortable und ger\u00e4umiges Reihenhaus verteilt auf drei Ebenen, ca. 1200 m von den sch\u00f6nen Str\u00e4nden von Cala Liberotto entfernt.<\/p>","protected":false},"featured_media":2669,"template":"","meta":[],"product_brand":[],"product_cat":[51],"product_tag":[],"localita":[],"class_list":{"0":"post-2609","1":"product","2":"type-product","3":"status-publish","4":"has-post-thumbnail","6":"product_cat-vendita","8":"first","9":"instock","10":"taxable","11":"shipping-taxable","12":"purchasable","13":"product-type-simple"},"_links":{"self":[{"href":"https:\/\/www.agenziadessena.com\/de\/wp-json\/wp\/v2\/product\/2609","targetHints":{"allow":["GET"]}}],"collection":[{"href":"https:\/\/www.agenziadessena.com\/de\/wp-json\/wp\/v2\/product"}],"about":[{"href":"https:\/\/www.agenziadessena.com\/de\/wp-json\/wp\/v2\/types\/product"}],"wp:featuredmedia":[{"embeddable":true,"href":"https:\/\/www.agenziadessena.com\/de\/wp-json\/wp\/v2\/media\/2669"}],"wp:attachment":[{"href":"https:\/\/www.agenziadessena.com\/de\/wp-json\/wp\/v2\/media?parent=2609"}],"wp:term":[{"taxonomy":"product_brand","embeddable":true,"href":"https:\/\/www.agenziadessena.com\/de\/wp-json\/wp\/v2\/product_brand?post=2609"},{"taxonomy":"product_cat","embeddable":true,"href":"https:\/\/www.agenziadessena.com\/de\/wp-json\/wp\/v2\/product_cat?post=2609"},{"taxonomy":"product_tag","embeddable":true,"href":"https:\/\/www.agenziadessena.com\/de\/wp-json\/wp\/v2\/product_tag?post=2609"},{"taxonomy":"localita","embeddable":true,"href":"https:\/\/www.agenziadessena.com\/de\/wp-json\/wp\/v2\/localita?post=2609"}],"curies":[{"name":"wp","href":"https:\/\/api.w.org\/{rel}","templated":true}]}}