{"id":2613,"date":"2021-01-13T18:50:23","date_gmt":"2021-01-13T17:50:23","guid":{"rendered":"https:\/\/agenziadessena.com\/product\/import-placeholder-for-6621\/"},"modified":"2023-04-11T09:58:43","modified_gmt":"2023-04-11T08:58:43","slug":"appartamento-n-10-in-villa-con-piscina-e-a-800-metri-dal-mare","status":"publish","type":"product","link":"https:\/\/www.agenziadessena.com\/de\/apartments\/affitto\/appartamento-n-10-in-villa-con-piscina-e-a-800-metri-dal-mare\/","title":{"rendered":"Wohnung (nr. 10) in Villa mit Pool, nur 800m vom Strand entfernt"},"content":{"rendered":"<p>Ferienwohnung in sch\u00f6ner Villa ca. 800 m von den sch\u00f6nen Sandstr\u00e4nden von Cala Liberotto und etwa 2 km von der herrlichen Natur-Oase von Biderosa mit seinen 5 Str\u00e4nde im karibischen Stil entfernt.<\/p>\n<p>&nbsp;<\/p>\n<p>Die Wohnung im ersten Stock, ideal f\u00fcr Paare, besteht aus einem Wohnzimmer mit Kochecke und TV, Schlafzimmer mit Doppelbett und Klimaanlage, ein Badezimmer mit Dusche und verf\u00fcgt \u00fcber eine kleine private Terrasse.<\/p>\n<p>&nbsp;<\/p>\n<p>Im Gartenbereich, stehen zwei Swimmingpools (davon eins f\u00fcr Kinder), W-Lan und eine Waschmaschine zur gemeinsamen Nutzung zur Verf\u00fcgung.<\/p>\n<p>&nbsp;<\/p>\n<p class=\"translation-block\">In der N\u00e4he der Villa Dessena befinden sich Einkaufsm\u00f6glichkeiten sowie Restaurants, Bars, Pizzeria, Gelateria, Apotheke, Superm\u00e4rkte, Kiosk, B\u00e4ckerei, Fischh\u00e4ndler und eine Metzgerei.<br><br><\/p>","protected":false},"excerpt":{"rendered":"<p><strong>Ferienwohnung in Villa mit Pool, ca. 800m von den sch\u00f6nen Sandstr\u00e4nden von Cala Liberotto entfernt.<\/strong><\/p>\n<p><strong>\u00a0<\/strong><\/p>","protected":false},"featured_media":3559,"template":"","meta":[],"product_brand":[],"product_cat":[33],"product_tag":[52,34,53,37,38,43,39,44],"localita":[65],"class_list":{"0":"post-2613","1":"product","2":"type-product","3":"status-publish","4":"has-post-thumbnail","6":"product_cat-affitto","7":"product_tag-aria-condizionata","8":"product_tag-caffe-moka-italiana","9":"product_tag-doccia-esterna-condivisa","10":"product_tag-giardino-uso-condiviso","11":"product_tag-lavatrice-uso-condiviso","12":"product_tag-piscina-uso-condiviso","13":"product_tag-tv-sat-no-pay-tv","14":"product_tag-ventilatore","15":"localita-sos-alinos","17":"first","18":"instock","19":"featured","20":"virtual","21":"taxable","22":"purchasable","23":"product-type-simple"},"_links":{"self":[{"href":"https:\/\/www.agenziadessena.com\/de\/wp-json\/wp\/v2\/product\/2613","targetHints":{"allow":["GET"]}}],"collection":[{"href":"https:\/\/www.agenziadessena.com\/de\/wp-json\/wp\/v2\/product"}],"about":[{"href":"https:\/\/www.agenziadessena.com\/de\/wp-json\/wp\/v2\/types\/product"}],"wp:featuredmedia":[{"embeddable":true,"href":"https:\/\/www.agenziadessena.com\/de\/wp-json\/wp\/v2\/media\/3559"}],"wp:attachment":[{"href":"https:\/\/www.agenziadessena.com\/de\/wp-json\/wp\/v2\/media?parent=2613"}],"wp:term":[{"taxonomy":"product_brand","embeddable":true,"href":"https:\/\/www.agenziadessena.com\/de\/wp-json\/wp\/v2\/product_brand?post=2613"},{"taxonomy":"product_cat","embeddable":true,"href":"https:\/\/www.agenziadessena.com\/de\/wp-json\/wp\/v2\/product_cat?post=2613"},{"taxonomy":"product_tag","embeddable":true,"href":"https:\/\/www.agenziadessena.com\/de\/wp-json\/wp\/v2\/product_tag?post=2613"},{"taxonomy":"localita","embeddable":true,"href":"https:\/\/www.agenziadessena.com\/de\/wp-json\/wp\/v2\/localita?post=2613"}],"curies":[{"name":"wp","href":"https:\/\/api.w.org\/{rel}","templated":true}]}}