{"id":2624,"date":"2021-01-13T18:50:24","date_gmt":"2021-01-13T17:50:24","guid":{"rendered":"https:\/\/agenziadessena.com\/product\/import-placeholder-for-6931\/"},"modified":"2023-04-07T15:34:34","modified_gmt":"2023-04-07T14:34:34","slug":"appartamento-bouganville-n-32","status":"publish","type":"product","link":"https:\/\/www.agenziadessena.com\/de\/apartments\/affitto\/appartamento-bouganville-n-32\/","title":{"rendered":"Ferienwohnung (n. 32)"},"content":{"rendered":"<p>Die Ferienwohnung im ersten Stock verf\u00fcgt \u00fcber drei Schlafzimmer (eines mit Etagenbett und zwei mit Doppelbett), ein ger\u00e4umiger Wohnraum mit Kochecke und Schlafsofa, zwei Badezimmer (eines mit Dusche und eines mit WC),<\/p>\n<p>&nbsp;<\/p>\n<p>Ausgestattet mit TV (FTA), Klimaanlage, Waschmaschine, Geschirrsp\u00fcler, zwei Terrassen (eine mit BBQ), Aussendusche und Parkplatz.<\/p>\n<p>&nbsp;<\/p>\n<p>In unmittelbarer N\u00e4he finden Sie Superm\u00e4rkte, Bars, Restaurants, Pizzeria, Eisdiele, Apotheke, Fischmarkt, Metzgerei, Kiosk f\u00fcr Zeitungen und Tabakwaren.<\/p>\n<p>&nbsp;<\/p>\n<p>Ca. 2 km von der herrlichen Natur-Oase von Biderosa mit seinen 5 Str\u00e4nde im karibischen Stil entfernt.<\/p>","protected":false},"excerpt":{"rendered":"<p><strong>Sch\u00f6ne Ferienwohnung im ersten Stock in Sos Alinos, ca. 1 Km vom Strand Cala Liberotto entfernt.<\/strong><\/p>","protected":false},"featured_media":2850,"template":"","meta":[],"product_brand":[],"product_cat":[33],"product_tag":[52,41,34,35,36,55,50,56,39],"localita":[65],"class_list":{"0":"post-2624","1":"product","2":"type-product","3":"status-publish","4":"has-post-thumbnail","6":"product_cat-affitto","7":"product_tag-aria-condizionata","8":"product_tag-barbecue","9":"product_tag-caffe-moka-italiana","10":"product_tag-doccia","11":"product_tag-doccia-esterna","12":"product_tag-lavastoviglie","13":"product_tag-lavatrice","14":"product_tag-parcheggio","15":"product_tag-tv-sat-no-pay-tv","16":"localita-sos-alinos","18":"first","19":"instock","20":"featured","21":"virtual","22":"taxable","23":"purchasable","24":"product-type-simple"},"_links":{"self":[{"href":"https:\/\/www.agenziadessena.com\/de\/wp-json\/wp\/v2\/product\/2624","targetHints":{"allow":["GET"]}}],"collection":[{"href":"https:\/\/www.agenziadessena.com\/de\/wp-json\/wp\/v2\/product"}],"about":[{"href":"https:\/\/www.agenziadessena.com\/de\/wp-json\/wp\/v2\/types\/product"}],"wp:featuredmedia":[{"embeddable":true,"href":"https:\/\/www.agenziadessena.com\/de\/wp-json\/wp\/v2\/media\/2850"}],"wp:attachment":[{"href":"https:\/\/www.agenziadessena.com\/de\/wp-json\/wp\/v2\/media?parent=2624"}],"wp:term":[{"taxonomy":"product_brand","embeddable":true,"href":"https:\/\/www.agenziadessena.com\/de\/wp-json\/wp\/v2\/product_brand?post=2624"},{"taxonomy":"product_cat","embeddable":true,"href":"https:\/\/www.agenziadessena.com\/de\/wp-json\/wp\/v2\/product_cat?post=2624"},{"taxonomy":"product_tag","embeddable":true,"href":"https:\/\/www.agenziadessena.com\/de\/wp-json\/wp\/v2\/product_tag?post=2624"},{"taxonomy":"localita","embeddable":true,"href":"https:\/\/www.agenziadessena.com\/de\/wp-json\/wp\/v2\/localita?post=2624"}],"curies":[{"name":"wp","href":"https:\/\/api.w.org\/{rel}","templated":true}]}}