{"id":2626,"date":"2021-01-13T18:50:24","date_gmt":"2021-01-13T17:50:24","guid":{"rendered":"https:\/\/agenziadessena.com\/product\/import-placeholder-for-6964\/"},"modified":"2023-04-07T15:37:14","modified_gmt":"2023-04-07T14:37:14","slug":"appartamento-n-11-in-villa-con-piscina-e-a-800m-dal-mare","status":"publish","type":"product","link":"https:\/\/www.agenziadessena.com\/de\/apartments\/affitto\/appartamento-n-11-in-villa-con-piscina-e-a-800m-dal-mare\/","title":{"rendered":"Wohnung (nr. 11) in Villa mit Pool, nur 800m vom Strand entfernt."},"content":{"rendered":"<p>Ferienwohnung mit Gemeinschaftspool ca. 800m vom Strand, und ca. 2 Km vom Naturschutzpark Biderosa entfernt.<\/p>\n<p>&nbsp;<\/p>\n<p>Die Wohnung im ersten Stock besteht aus einem gro\u00dfen Wohnzimmer mit Kochecke, Klimaanlage und TV, zwei Schlafzimmer, ein Badezimmer mit Dusche und eine kleine Waschmaschine und verf\u00fcgt \u00fcber eine kleine Terrasse im Eingangsbereich.<\/p>\n<p>&nbsp;<\/p>\n<p>Im Gartenbereich, stehen zwei Swimmingpools (davon eins f\u00fcr Kinder), W-Lan und eine Waschmaschine zur gemeinsamen Nutzung zur Verf\u00fcgung.<br><br><\/p>\n<p>&nbsp;<\/p>\n<p class=\"translation-block\">In der N\u00e4he der Villa Dessena befinden sich Einkaufsm\u00f6glichkeiten sowie Restaurants, Bars, Pizzeria, Gelateria, Apotheke, Superm\u00e4rkte, Kiosk, B\u00e4ckerei, Fischh\u00e4ndler und eine Metzgerei.<br><br><\/p>\n<p>&nbsp;<\/p>\n<p>&nbsp;<\/p>","protected":false},"excerpt":{"rendered":"<p><strong>Ferienwohnung in Villa mit Pool, ca. 800m von den sch\u00f6nen Sandstr\u00e4nden von Cala Liberotto entfernt.<br \/>\n<\/strong><\/p>","protected":false},"featured_media":2868,"template":"","meta":[],"product_brand":[],"product_cat":[33],"product_tag":[52,41,34,35,53,42,37,50,43,54,39,44,40],"localita":[65],"class_list":{"0":"post-2626","1":"product","2":"type-product","3":"status-publish","4":"has-post-thumbnail","6":"product_cat-affitto","7":"product_tag-aria-condizionata","8":"product_tag-barbecue","9":"product_tag-caffe-moka-italiana","10":"product_tag-doccia","11":"product_tag-doccia-esterna-condivisa","12":"product_tag-free-wifi","13":"product_tag-giardino-uso-condiviso","14":"product_tag-lavatrice","15":"product_tag-piscina-uso-condiviso","16":"product_tag-stendi-biancheria","17":"product_tag-tv-sat-no-pay-tv","18":"product_tag-ventilatore","19":"product_tag-zanzariere","20":"localita-sos-alinos","22":"first","23":"instock","24":"virtual","25":"taxable","26":"purchasable","27":"product-type-simple"},"_links":{"self":[{"href":"https:\/\/www.agenziadessena.com\/de\/wp-json\/wp\/v2\/product\/2626","targetHints":{"allow":["GET"]}}],"collection":[{"href":"https:\/\/www.agenziadessena.com\/de\/wp-json\/wp\/v2\/product"}],"about":[{"href":"https:\/\/www.agenziadessena.com\/de\/wp-json\/wp\/v2\/types\/product"}],"wp:featuredmedia":[{"embeddable":true,"href":"https:\/\/www.agenziadessena.com\/de\/wp-json\/wp\/v2\/media\/2868"}],"wp:attachment":[{"href":"https:\/\/www.agenziadessena.com\/de\/wp-json\/wp\/v2\/media?parent=2626"}],"wp:term":[{"taxonomy":"product_brand","embeddable":true,"href":"https:\/\/www.agenziadessena.com\/de\/wp-json\/wp\/v2\/product_brand?post=2626"},{"taxonomy":"product_cat","embeddable":true,"href":"https:\/\/www.agenziadessena.com\/de\/wp-json\/wp\/v2\/product_cat?post=2626"},{"taxonomy":"product_tag","embeddable":true,"href":"https:\/\/www.agenziadessena.com\/de\/wp-json\/wp\/v2\/product_tag?post=2626"},{"taxonomy":"localita","embeddable":true,"href":"https:\/\/www.agenziadessena.com\/de\/wp-json\/wp\/v2\/localita?post=2626"}],"curies":[{"name":"wp","href":"https:\/\/api.w.org\/{rel}","templated":true}]}}