{"id":2879,"date":"2021-01-13T18:53:09","date_gmt":"2021-01-13T17:53:09","guid":{"rendered":"https:\/\/agenziadessena.com\/product\/import-placeholder-for-14096\/"},"modified":"2023-04-11T10:31:12","modified_gmt":"2023-04-11T09:31:12","slug":"villa-dessena-bed-and-breakfast-n-103","status":"publish","type":"product","link":"https:\/\/www.agenziadessena.com\/de\/apartments\/bb\/villa-dessena-bed-and-breakfast-n-103\/","title":{"rendered":"Villa Dessena Bed and Breakfast (nr. 103)"},"content":{"rendered":"<p style=\"text-align: left;\" class=\"translation-block\">Bed and Breakfastzimmer in sch\u00f6ner Villa mit Poolblick, ca. 800 m von den sch\u00f6nen Sandstr\u00e4nden von Cala Liberotto und etwa 2 km von der herrlichen Natur-Oase von Biderosa mit seinen 5 Str\u00e4nde im karibischen Stil entfernt.<br><br><\/p>\n<p>&nbsp;<\/p>\n<p style=\"text-align: left;\">Das Zimmer im Erdgeschoss auf Pool und Gartenebene, besteht aus einem Doppelbett, einem Schlafsofa, Badezimmer mit Dusche, Veranda und ist mit Klimaanlage, Minik\u00fchlschrank, TV und einem Schreibtisch ausgestattet.<br><br><\/p>\n<p>&nbsp;<\/p>\n<p style=\"text-align: left;\">Im Gartenbereich, stehen zwei Swimmingpools (davon eins f\u00fcr Kinder), W-Lan und eine Waschmaschine zur gemeinsamen Nutzung zur Verf\u00fcgung.<br><br><\/p>\n<p>&nbsp;<\/p>\n<p style=\"text-align: left;\" class=\"translation-block\">In der N\u00e4he der Villa Dessena befinden sich Einkaufsm\u00f6glichkeiten sowie Restaurants, Bars, Pizzeria, Gelateria, Apotheke, Superm\u00e4rkte, Kiosk, B\u00e4ckerei, Fischh\u00e4ndler und eine Metzgerei.<br><br><\/p>\n<p>&nbsp;<\/p>\n<p style=\"text-align: left;\">Der Preis versteht sich f\u00fcr 3 Personen inklusive Fr\u00fchst\u00fcck, Bett und Badezimmerw\u00e4sche sowie der t\u00e4glichen Reinigung.<br><br><\/p>\n<p style=\"text-align: left;\" class=\"translation-block\">Preis f\u00fcr 2 Personen: 27% Preisnachlass vom offiziellen Preis wie auf der Seite angegeben.<br>\nPreis f\u00fcr 1 Person: 53% Preisnachlass vom offiziellen Preis wie auf der Seite angegeben.<\/p>","protected":false},"excerpt":{"rendered":"<p><strong>Bed and Breakfastzimmer in sch\u00f6ner Villa mit Garten und Pool, ca. 800 m vom Strand von Cala Liberotto entfernt.<\/strong><\/p>","protected":false},"featured_media":3152,"template":"","meta":[],"product_brand":[],"product_cat":[61],"product_tag":[52,72,75,36,53,42,37,43,73],"localita":[65],"class_list":{"0":"post-2879","1":"product","2":"type-product","3":"status-publish","4":"has-post-thumbnail","6":"product_cat-bb","7":"product_tag-aria-condizionata","8":"product_tag-cala-liberotto","9":"product_tag-colazione-inclusa","10":"product_tag-doccia-esterna","11":"product_tag-doccia-esterna-condivisa","12":"product_tag-free-wifi","13":"product_tag-giardino-uso-condiviso","14":"product_tag-piscina-uso-condiviso","15":"product_tag-vacanze","16":"localita-sos-alinos","18":"first","19":"instock","20":"featured","21":"virtual","22":"taxable","23":"purchasable","24":"product-type-simple"},"_links":{"self":[{"href":"https:\/\/www.agenziadessena.com\/de\/wp-json\/wp\/v2\/product\/2879","targetHints":{"allow":["GET"]}}],"collection":[{"href":"https:\/\/www.agenziadessena.com\/de\/wp-json\/wp\/v2\/product"}],"about":[{"href":"https:\/\/www.agenziadessena.com\/de\/wp-json\/wp\/v2\/types\/product"}],"wp:featuredmedia":[{"embeddable":true,"href":"https:\/\/www.agenziadessena.com\/de\/wp-json\/wp\/v2\/media\/3152"}],"wp:attachment":[{"href":"https:\/\/www.agenziadessena.com\/de\/wp-json\/wp\/v2\/media?parent=2879"}],"wp:term":[{"taxonomy":"product_brand","embeddable":true,"href":"https:\/\/www.agenziadessena.com\/de\/wp-json\/wp\/v2\/product_brand?post=2879"},{"taxonomy":"product_cat","embeddable":true,"href":"https:\/\/www.agenziadessena.com\/de\/wp-json\/wp\/v2\/product_cat?post=2879"},{"taxonomy":"product_tag","embeddable":true,"href":"https:\/\/www.agenziadessena.com\/de\/wp-json\/wp\/v2\/product_tag?post=2879"},{"taxonomy":"localita","embeddable":true,"href":"https:\/\/www.agenziadessena.com\/de\/wp-json\/wp\/v2\/localita?post=2879"}],"curies":[{"name":"wp","href":"https:\/\/api.w.org\/{rel}","templated":true}]}}