{"id":4920,"date":"2022-12-16T09:42:43","date_gmt":"2022-12-16T08:42:43","guid":{"rendered":"https:\/\/agenziadessena.com\/?post_type=product&#038;p=4920"},"modified":"2022-12-16T09:50:27","modified_gmt":"2022-12-16T08:50:27","slug":"in-vendita-un-delizioso-trilocale-a-sos-alinos","status":"publish","type":"product","link":"https:\/\/www.agenziadessena.com\/de\/apartments\/vendita\/in-vendita-un-delizioso-trilocale-a-sos-alinos\/","title":{"rendered":"Ferienwohnung in Sos Alinos zum Verkauf"},"content":{"rendered":"<p>Die Dreizimmerwohnung zum Verkauf in Sos Alinos, ist ca. 1000 m vom Strand von Cala Liberotto entfernt.<\/p>\n<p>Die Wohnung im ersten Stock besteht aus 2 Schlafzimmern, Wohnzimmer mit Kochnische, Badezimmer mit Dusche, gro\u00dfer Terrasse und verf\u00fcg \u00fcber einen Privatparkplatz.<\/p>\n<p>In der N\u00e4he der Villa Dessena befinden sich Einkaufsm\u00f6glichkeiten sowie Restaurants, Bars, Pizzeria, Gelateria, Apotheke, Superm\u00e4rkte, Kiosk, B\u00e4ckerei, Fischh\u00e4ndler und eine Metzgerei.<\/p>","protected":false},"excerpt":{"rendered":"<p>Die Dreizimmerwohnung ist ca. 1000m vom Strand von Cala Liberotto entfernt.<\/p>","protected":false},"featured_media":4935,"template":"","meta":[],"product_brand":[],"product_cat":[51],"product_tag":[],"localita":[65],"class_list":{"0":"post-4920","1":"product","2":"type-product","3":"status-publish","4":"has-post-thumbnail","6":"product_cat-vendita","7":"localita-sos-alinos","9":"first","10":"instock","11":"virtual","12":"taxable","13":"product-type-simple"},"_links":{"self":[{"href":"https:\/\/www.agenziadessena.com\/de\/wp-json\/wp\/v2\/product\/4920","targetHints":{"allow":["GET"]}}],"collection":[{"href":"https:\/\/www.agenziadessena.com\/de\/wp-json\/wp\/v2\/product"}],"about":[{"href":"https:\/\/www.agenziadessena.com\/de\/wp-json\/wp\/v2\/types\/product"}],"wp:featuredmedia":[{"embeddable":true,"href":"https:\/\/www.agenziadessena.com\/de\/wp-json\/wp\/v2\/media\/4935"}],"wp:attachment":[{"href":"https:\/\/www.agenziadessena.com\/de\/wp-json\/wp\/v2\/media?parent=4920"}],"wp:term":[{"taxonomy":"product_brand","embeddable":true,"href":"https:\/\/www.agenziadessena.com\/de\/wp-json\/wp\/v2\/product_brand?post=4920"},{"taxonomy":"product_cat","embeddable":true,"href":"https:\/\/www.agenziadessena.com\/de\/wp-json\/wp\/v2\/product_cat?post=4920"},{"taxonomy":"product_tag","embeddable":true,"href":"https:\/\/www.agenziadessena.com\/de\/wp-json\/wp\/v2\/product_tag?post=4920"},{"taxonomy":"localita","embeddable":true,"href":"https:\/\/www.agenziadessena.com\/de\/wp-json\/wp\/v2\/localita?post=4920"}],"curies":[{"name":"wp","href":"https:\/\/api.w.org\/{rel}","templated":true}]}}