{"id":5608,"date":"2023-05-12T12:17:29","date_gmt":"2023-05-12T11:17:29","guid":{"rendered":"https:\/\/agenziadessena.com\/?post_type=product&#038;p=5608"},"modified":"2023-05-13T10:14:23","modified_gmt":"2023-05-13T09:14:23","slug":"villa-dessena-bed-and-breakfast-n-204","status":"publish","type":"product","link":"https:\/\/www.agenziadessena.com\/de\/apartments\/bb\/villa-dessena-bed-and-breakfast-n-204\/","title":{"rendered":"Villa Dessena Bed and Breakfast (n. 204)"},"content":{"rendered":"<p>Bed and Breakfastzimmer in sch\u00f6ner Villa mit Garten und Pool, ca. 800 m von den sch\u00f6nen Sandstr\u00e4nden von Cala Liberotto und etwa 2 km von der herrlichen Natur-Oase von Biderosa mit seinen 5 Str\u00e4nde im karibischen Stil entfernt.<\/p>\n<p>Das Zimmer im Hochparterre, besteht aus einem Doppelbett, Badezimmer mit Dusche, Veranda und ist mit Klimaanlage, Minik\u00fchlschrank, TV und einem Schreibtisch ausgestattet.<\/p>\n<p>Im Gartenbereich, stehen zwei Swimmingpools (davon eins f\u00fcr Kinder), W-Lan und eine Waschmaschine zur gemeinsamen Nutzung zur Verf\u00fcgung.<br><br><\/p>\n<p class=\"translation-block\">In der N\u00e4he der Villa Dessena befinden sich Einkaufsm\u00f6glichkeiten sowie Restaurants, Bars, Pizzeria, Gelateria, Apotheke, Superm\u00e4rkte, Kiosk, B\u00e4ckerei, Fischh\u00e4ndler und eine Metzgerei.<br><br><\/p>\n<p>Der Preis versteht sich f\u00fcr 2 Personen inklusive Fr\u00fchst\u00fcck, Bett und Badezimmerw\u00e4sche sowie der t\u00e4glichen Reinigung.<\/p>\n<p>Preis f\u00fcr 1 Person: 27% Preisnachlass vom offiziellen Preis wie auf der Seite angegeben.<\/p>","protected":false},"excerpt":{"rendered":"<p><strong>Bed and Breakfastzimmer in sch\u00f6ner Villa mit Pool, ca. 800 m vom Strand von Cala Liberotto entfernt.<\/strong><\/p>","protected":false},"featured_media":5611,"template":"","meta":[],"product_brand":[],"product_cat":[61],"product_tag":[52,88,93,36,37,43,94],"localita":[65],"class_list":{"0":"post-5608","1":"product","2":"type-product","3":"status-publish","4":"has-post-thumbnail","6":"product_cat-bb","7":"product_tag-aria-condizionata","8":"product_tag-bed-and-breakfast","9":"product_tag-colazione","10":"product_tag-doccia-esterna","11":"product_tag-giardino-uso-condiviso","12":"product_tag-piscina-uso-condiviso","13":"product_tag-veranda","14":"localita-sos-alinos","16":"first","17":"instock","18":"taxable","19":"shipping-taxable","20":"product-type-simple"},"_links":{"self":[{"href":"https:\/\/www.agenziadessena.com\/de\/wp-json\/wp\/v2\/product\/5608","targetHints":{"allow":["GET"]}}],"collection":[{"href":"https:\/\/www.agenziadessena.com\/de\/wp-json\/wp\/v2\/product"}],"about":[{"href":"https:\/\/www.agenziadessena.com\/de\/wp-json\/wp\/v2\/types\/product"}],"wp:featuredmedia":[{"embeddable":true,"href":"https:\/\/www.agenziadessena.com\/de\/wp-json\/wp\/v2\/media\/5611"}],"wp:attachment":[{"href":"https:\/\/www.agenziadessena.com\/de\/wp-json\/wp\/v2\/media?parent=5608"}],"wp:term":[{"taxonomy":"product_brand","embeddable":true,"href":"https:\/\/www.agenziadessena.com\/de\/wp-json\/wp\/v2\/product_brand?post=5608"},{"taxonomy":"product_cat","embeddable":true,"href":"https:\/\/www.agenziadessena.com\/de\/wp-json\/wp\/v2\/product_cat?post=5608"},{"taxonomy":"product_tag","embeddable":true,"href":"https:\/\/www.agenziadessena.com\/de\/wp-json\/wp\/v2\/product_tag?post=5608"},{"taxonomy":"localita","embeddable":true,"href":"https:\/\/www.agenziadessena.com\/de\/wp-json\/wp\/v2\/localita?post=5608"}],"curies":[{"name":"wp","href":"https:\/\/api.w.org\/{rel}","templated":true}]}}